{"id":9752,"date":"2018-08-07T10:18:11","date_gmt":"2018-08-07T10:18:11","guid":{"rendered":"https:\/\/www.esin.av.tr\/?page_id=9752"},"modified":"2021-10-02T20:59:26","modified_gmt":"2021-10-02T20:59:26","slug":"yasal-uyari","status":"publish","type":"page","link":"https:\/\/www.esin.av.tr\/tr\/yasal-uyari\/","title":{"rendered":"Yasal Uyar\u0131"},"content":{"rendered":"<p>Say\u0131n Ziyaret\u00e7iler,<\/p>\n<p>Bu internet sitesindeki bilgiler yaln\u0131zca bilgi verme ama\u00e7l\u0131 olarak haz\u0131rlanm\u0131\u015f olup herhangi bir \u015fekilde hukuki g\u00f6r\u00fc\u015f olarak kullan\u0131lmamal\u0131d\u0131r. Bu site ve i\u00e7erdi\u011fi bilgiler avukat-m\u00fcvekkil ili\u015fkisi kurmak amac\u0131 ile tasarlanmam\u0131\u015ft\u0131r. Bu kapsamda, bu internet sitesinde yer alan bilgiler y\u00fcr\u00fcrl\u00fckte bulunan kanun, ve ikincil mevzuatta meydana gelen de\u011fi\u015fikliklere ba\u011fl\u0131 olarak g\u00fcncelli\u011fini yitirebilir ve y\u00fcr\u00fcrl\u00fckte olan yasal geli\u015fmelerin son halini yans\u0131tmayabilir. Bu kapsamda, bu sitedeki bilgileri kullanarak herhangi bir karar vermeden veya harekete ge\u00e7meden \u00f6nce yetkili ki\u015filere yasal dan\u0131\u015fmanl\u0131k i\u00e7in ba\u015fvurman\u0131z gerekmektedir.<\/p>\n<p>Bu sitedeki bilgilerin g\u00fcvenilir kaynaklardan al\u0131nmas\u0131 hususunda azami gayreti g\u00f6stermekteyiz. Bununla birlikte, Esin Avukatl\u0131k Ortakl\u0131\u011f\u0131, bu sitede yer alan bilgilerdeki herhangi bir yanl\u0131\u015fl\u0131k veya eksiklikten veya bu bilgilerin kullan\u0131m\u0131ndan do\u011fan sonu\u00e7lardan sorumlu tutulamaz.<\/p>\n<p>Bu internet sitesi ve i\u00e7indeki bilgiler, T\u00fcrkiye Barolar Birli\u011fi&#8217;nin Meslek Kurallar\u0131 ve ilgili mevzuat\u0131na ba\u011fl\u0131 kal\u0131narak ve ilgili mevzuatla reklam yasa\u011f\u0131na ili\u015fkin d\u00fczenlemelere uygun olarak haz\u0131rlanm\u0131\u015ft\u0131r. Bu site, i\u015f veya buna benzer ba\u015fka bir kazan\u0131m talep etmek ve\/veya reklam ama\u00e7l\u0131 olarak kullan\u0131lamaz. Siteyi kullanan t\u00fcm ziyaret\u00e7iler, Kullan\u0131m \u015eartlar\u0131&#8217;nda yer alan \u015fart ve ko\u015fullar\u0131 kabul etmi\u015f say\u0131l\u0131rlar.<\/p>\n<p>Bu sitedeki t\u00fcm bilgi ve dosyalar\u0131n m\u00fclkiyeti Esin Avukatl\u0131k Ortakl\u0131\u011f\u0131&#8217;na aittir. Fikri m\u00fclkiyet hakk\u0131 dahilindeki yaz\u0131l\u0131 bilgi ve belgeler, logolar, Esin Avukatl\u0131k Ortakl\u0131\u011f\u0131&#8217;n\u0131n m\u00fclkiyetindedir ve Esin Avukatl\u0131k Ortakl\u0131\u011f\u0131&#8217;n\u0131n yaz\u0131l\u0131 izni olmadan kopyalanamaz, \u00e7o\u011falt\u0131lamaz ve kullan\u0131lmaz.<\/p>\n<p>Esin Avukatl\u0131k Ortakl\u0131\u011f\u0131 taraf\u0131ndan a\u00e7\u0131k\u00e7a yaz\u0131l\u0131 \u015fekilde izin verilmedi\u011fi s\u00fcrece, bu sitede yeni linkler a\u00e7\u0131lmas\u0131 ve\/veya bu siteye link yarat\u0131lmas\u0131 kesinlikle yasakt\u0131r.<\/p>\n<p>Faks ve\/veya e-mail ile Esin Avukatl\u0131k Ortakl\u0131\u011f\u0131&#8217;na g\u00f6nderilen herhangi bir bilgi veya bu sitenin veya i\u00e7erdi\u011fi bilgilerin herhangi ba\u015fka bir \u015fekilde kullan\u0131m\u0131, hi\u00e7bir \u015fekilde avukat &#8211; m\u00fcvekkil ili\u015fkisi olu\u015fturmayaca\u011f\u0131 gibi b\u00fcromuzun var olan m\u00fcvekkilleri ile de k\u0131smi avukat &#8211; m\u00fcvekkil ili\u015fkisi olu\u015fturmaz. Bu sitenin i\u00e7erdi\u011fi t\u00fcm bilgi ve belgeler tamamen ki\u015fisel olup hi\u00e7bir \u015fekilde ticari da\u011f\u0131t\u0131m ama\u00e7l\u0131 de\u011fildir. Ziyaret\u00e7iler, sitede sunulan bilgilerin do\u011fru olmad\u0131\u011f\u0131n\u0131 veya bu bilgiler nedeni ile zarar g\u00f6rd\u00fcklerini iddia edemezler. Esin Avukatl\u0131k Ortakl\u0131\u011f\u0131, ziyaret\u00e7ilerin bu sitede verilen bilgilere dayanarak ger\u00e7ekle\u015ftirdikleri hareketlerden dolay\u0131 hi\u00e7bir \u015fekilde sorumluluk veya y\u00fck\u00fcml\u00fcl\u00fck kabul etmez.<\/p>\n<p>Esin Avukatl\u0131k Ortakl\u0131\u011f\u0131, \u00fc\u00e7\u00fcnc\u00fc \u015fah\u0131slarca yay\u0131nlanan bilgi ve malzemeyle ilgili olarak herhangi bir sorumluluk kabul etmemekte ve s\u00f6z konusu \u00fc\u00e7\u00fcnc\u00fc \u015fah\u0131slarca yay\u0131nlanan bilgiler i\u00e7inde yer alan beyan ve g\u00f6r\u00fc\u015fleri do\u011frudan do\u011fruya veya dolayl\u0131 olarak onaylamamaktad\u0131r. Esin Avukatl\u0131k Ortakl\u0131\u011f\u0131 \u00fc\u00e7\u00fcnc\u00fc \u015fah\u0131slara ait olan ve herhangi bir nedenle uygun olmad\u0131\u011f\u0131n\u0131 d\u00fc\u015f\u00fcnd\u00fc\u011f\u00fc bilgileri siteden \u00e7\u0131karma hakk\u0131n\u0131 sakl\u0131 tutmaktad\u0131r.<\/p>\n<p>&nbsp;<\/p>\n<p>Esin Avukatl\u0131k Ortakl\u0131\u011f\u0131<br \/>\nEbulula Mardin Cad. G\u00fcl Sok. No. 2<br \/>\nMaya Park Tower 2, Akatlar \u2014 Be\u015fikta\u015f<br \/>\nTelefon: +90 (212) 376 64 00<br \/>\nFaks: +90 (212) 376 64 64<br \/>\nE-posta: info@esin.av.tr<\/p>\n","protected":false},"excerpt":{"rendered":"<p>Say\u0131n Ziyaret\u00e7iler, Bu internet sitesindeki bilgiler yaln\u0131zca bilgi verme ama\u00e7l\u0131 olarak haz\u0131rlanm\u0131\u015f olup herhangi bir \u015fekilde hukuki g\u00f6r\u00fc\u015f olarak kullan\u0131lmamal\u0131d\u0131r. [&hellip;]<\/p>\n","protected":false},"author":1,"featured_media":0,"parent":0,"menu_order":1,"comment_status":"closed","ping_status":"closed","template":"tpl-privacy.php","meta":{"_acf_changed":false,"_stopmodifiedupdate":false,"_modified_date":"","footnotes":""},"class_list":["post-9752","page","type-page","status-publish","hentry"],"acf":[],"yoast_head":"<!-- This site is optimized with the Yoast SEO plugin v24.0 - https:\/\/yoast.com\/wordpress\/plugins\/seo\/ -->\n<title>Yasal Uyar\u0131 - Esin Avukatl\u0131k Ortakl\u0131\u011f\u0131<\/title>\n<meta name=\"description\" content=\"Say\u0131n Ziyaret\u00e7iler, Bu internet sitesindeki bilgiler yaln\u0131zca bilgi verme ama\u00e7l\u0131 olarak haz\u0131rlanm\u0131\u015f olup herhangi bir \u015fekilde hukuki g\u00f6r\u00fc\u015f olarak\" \/>\n<meta name=\"robots\" content=\"index, follow, max-snippet:-1, max-image-preview:large, max-video-preview:-1\" \/>\n<link rel=\"canonical\" href=\"https:\/\/www.esin.av.tr\/tr\/yasal-uyari\/\" \/>\n<meta property=\"og:locale\" content=\"tr_TR\" \/>\n<meta property=\"og:type\" content=\"article\" \/>\n<meta property=\"og:title\" content=\"Yasal Uyar\u0131 - Esin Avukatl\u0131k Ortakl\u0131\u011f\u0131\" \/>\n<meta property=\"og:description\" content=\"Say\u0131n Ziyaret\u00e7iler, Bu internet sitesindeki bilgiler yaln\u0131zca bilgi verme ama\u00e7l\u0131 olarak haz\u0131rlanm\u0131\u015f olup herhangi bir \u015fekilde hukuki g\u00f6r\u00fc\u015f olarak\" \/>\n<meta property=\"og:url\" content=\"https:\/\/www.esin.av.tr\/tr\/yasal-uyari\/\" \/>\n<meta property=\"og:site_name\" content=\"Esin Avukatl\u0131k Ortakl\u0131\u011f\u0131\" \/>\n<meta property=\"article:modified_time\" content=\"2021-10-02T20:59:26+00:00\" \/>\n<meta name=\"twitter:card\" content=\"summary_large_image\" \/>\n<meta name=\"twitter:label1\" content=\"Est. reading time\" \/>\n\t<meta name=\"twitter:data1\" content=\"3 minutes\" \/>\n<script type=\"application\/ld+json\" class=\"yoast-schema-graph\">{\"@context\":\"https:\/\/schema.org\",\"@graph\":[{\"@type\":\"WebPage\",\"@id\":\"https:\/\/www.esin.av.tr\/tr\/yasal-uyari\/\",\"url\":\"https:\/\/www.esin.av.tr\/tr\/yasal-uyari\/\",\"name\":\"Yasal Uyar\u0131 - Esin Avukatl\u0131k Ortakl\u0131\u011f\u0131\",\"isPartOf\":{\"@id\":\"https:\/\/www.esin.av.tr\/tr\/#website\"},\"datePublished\":\"2018-08-07T10:18:11+00:00\",\"dateModified\":\"2021-10-02T20:59:26+00:00\",\"description\":\"Say\u0131n Ziyaret\u00e7iler, Bu internet sitesindeki bilgiler yaln\u0131zca bilgi verme ama\u00e7l\u0131 olarak haz\u0131rlanm\u0131\u015f olup herhangi bir \u015fekilde hukuki g\u00f6r\u00fc\u015f olarak\",\"breadcrumb\":{\"@id\":\"https:\/\/www.esin.av.tr\/tr\/yasal-uyari\/#breadcrumb\"},\"inLanguage\":\"tr\",\"potentialAction\":[{\"@type\":\"ReadAction\",\"target\":[\"https:\/\/www.esin.av.tr\/tr\/yasal-uyari\/\"]}]},{\"@type\":\"BreadcrumbList\",\"@id\":\"https:\/\/www.esin.av.tr\/tr\/yasal-uyari\/#breadcrumb\",\"itemListElement\":[{\"@type\":\"ListItem\",\"position\":1,\"name\":\"Home\",\"item\":\"https:\/\/www.esin.av.tr\/tr\/\"},{\"@type\":\"ListItem\",\"position\":2,\"name\":\"Yasal Uyar\u0131\"}]},{\"@type\":\"WebSite\",\"@id\":\"https:\/\/www.esin.av.tr\/tr\/#website\",\"url\":\"https:\/\/www.esin.av.tr\/tr\/\",\"name\":\"Esin Avukatl\u0131k Ortakl\u0131\u011f\u0131\",\"description\":\"\",\"publisher\":{\"@id\":\"https:\/\/www.esin.av.tr\/tr\/#organization\"},\"potentialAction\":[{\"@type\":\"SearchAction\",\"target\":{\"@type\":\"EntryPoint\",\"urlTemplate\":\"https:\/\/www.esin.av.tr\/tr\/?s={search_term_string}\"},\"query-input\":{\"@type\":\"PropertyValueSpecification\",\"valueRequired\":true,\"valueName\":\"search_term_string\"}}],\"inLanguage\":\"tr\"},{\"@type\":\"Organization\",\"@id\":\"https:\/\/www.esin.av.tr\/tr\/#organization\",\"name\":\"Esin Avukatl\u0131k Ortakl\u0131\u011f\u0131\",\"url\":\"https:\/\/www.esin.av.tr\/tr\/\",\"logo\":{\"@type\":\"ImageObject\",\"inLanguage\":\"tr\",\"@id\":\"https:\/\/www.esin.av.tr\/tr\/#\/schema\/logo\/image\/\",\"url\":\"https:\/\/www.esin.av.tr\/wp-content\/uploads\/2021\/09\/esin-2.jpg\",\"contentUrl\":\"https:\/\/www.esin.av.tr\/wp-content\/uploads\/2021\/09\/esin-2.jpg\",\"width\":800,\"height\":460,\"caption\":\"Esin Avukatl\u0131k Ortakl\u0131\u011f\u0131\"},\"image\":{\"@id\":\"https:\/\/www.esin.av.tr\/tr\/#\/schema\/logo\/image\/\"}}]}<\/script>\n<!-- \/ Yoast SEO plugin. -->","yoast_head_json":{"title":"Yasal Uyar\u0131 - Esin Avukatl\u0131k Ortakl\u0131\u011f\u0131","description":"Say\u0131n Ziyaret\u00e7iler, Bu internet sitesindeki bilgiler yaln\u0131zca bilgi verme ama\u00e7l\u0131 olarak haz\u0131rlanm\u0131\u015f olup herhangi bir \u015fekilde hukuki g\u00f6r\u00fc\u015f olarak","robots":{"index":"index","follow":"follow","max-snippet":"max-snippet:-1","max-image-preview":"max-image-preview:large","max-video-preview":"max-video-preview:-1"},"canonical":"https:\/\/www.esin.av.tr\/tr\/yasal-uyari\/","og_locale":"tr_TR","og_type":"article","og_title":"Yasal Uyar\u0131 - Esin Avukatl\u0131k Ortakl\u0131\u011f\u0131","og_description":"Say\u0131n Ziyaret\u00e7iler, Bu internet sitesindeki bilgiler yaln\u0131zca bilgi verme ama\u00e7l\u0131 olarak haz\u0131rlanm\u0131\u015f olup herhangi bir \u015fekilde hukuki g\u00f6r\u00fc\u015f olarak","og_url":"https:\/\/www.esin.av.tr\/tr\/yasal-uyari\/","og_site_name":"Esin Avukatl\u0131k Ortakl\u0131\u011f\u0131","article_modified_time":"2021-10-02T20:59:26+00:00","twitter_card":"summary_large_image","twitter_misc":{"Est. reading time":"3 minutes"},"schema":{"@context":"https:\/\/schema.org","@graph":[{"@type":"WebPage","@id":"https:\/\/www.esin.av.tr\/tr\/yasal-uyari\/","url":"https:\/\/www.esin.av.tr\/tr\/yasal-uyari\/","name":"Yasal Uyar\u0131 - Esin Avukatl\u0131k Ortakl\u0131\u011f\u0131","isPartOf":{"@id":"https:\/\/www.esin.av.tr\/tr\/#website"},"datePublished":"2018-08-07T10:18:11+00:00","dateModified":"2021-10-02T20:59:26+00:00","description":"Say\u0131n Ziyaret\u00e7iler, Bu internet sitesindeki bilgiler yaln\u0131zca bilgi verme ama\u00e7l\u0131 olarak haz\u0131rlanm\u0131\u015f olup herhangi bir \u015fekilde hukuki g\u00f6r\u00fc\u015f olarak","breadcrumb":{"@id":"https:\/\/www.esin.av.tr\/tr\/yasal-uyari\/#breadcrumb"},"inLanguage":"tr","potentialAction":[{"@type":"ReadAction","target":["https:\/\/www.esin.av.tr\/tr\/yasal-uyari\/"]}]},{"@type":"BreadcrumbList","@id":"https:\/\/www.esin.av.tr\/tr\/yasal-uyari\/#breadcrumb","itemListElement":[{"@type":"ListItem","position":1,"name":"Home","item":"https:\/\/www.esin.av.tr\/tr\/"},{"@type":"ListItem","position":2,"name":"Yasal Uyar\u0131"}]},{"@type":"WebSite","@id":"https:\/\/www.esin.av.tr\/tr\/#website","url":"https:\/\/www.esin.av.tr\/tr\/","name":"Esin Avukatl\u0131k Ortakl\u0131\u011f\u0131","description":"","publisher":{"@id":"https:\/\/www.esin.av.tr\/tr\/#organization"},"potentialAction":[{"@type":"SearchAction","target":{"@type":"EntryPoint","urlTemplate":"https:\/\/www.esin.av.tr\/tr\/?s={search_term_string}"},"query-input":{"@type":"PropertyValueSpecification","valueRequired":true,"valueName":"search_term_string"}}],"inLanguage":"tr"},{"@type":"Organization","@id":"https:\/\/www.esin.av.tr\/tr\/#organization","name":"Esin Avukatl\u0131k Ortakl\u0131\u011f\u0131","url":"https:\/\/www.esin.av.tr\/tr\/","logo":{"@type":"ImageObject","inLanguage":"tr","@id":"https:\/\/www.esin.av.tr\/tr\/#\/schema\/logo\/image\/","url":"https:\/\/www.esin.av.tr\/wp-content\/uploads\/2021\/09\/esin-2.jpg","contentUrl":"https:\/\/www.esin.av.tr\/wp-content\/uploads\/2021\/09\/esin-2.jpg","width":800,"height":460,"caption":"Esin Avukatl\u0131k Ortakl\u0131\u011f\u0131"},"image":{"@id":"https:\/\/www.esin.av.tr\/tr\/#\/schema\/logo\/image\/"}}]}},"_links":{"self":[{"href":"https:\/\/www.esin.av.tr\/tr\/wp-json\/wp\/v2\/pages\/9752","targetHints":{"allow":["GET"]}}],"collection":[{"href":"https:\/\/www.esin.av.tr\/tr\/wp-json\/wp\/v2\/pages"}],"about":[{"href":"https:\/\/www.esin.av.tr\/tr\/wp-json\/wp\/v2\/types\/page"}],"author":[{"embeddable":true,"href":"https:\/\/www.esin.av.tr\/tr\/wp-json\/wp\/v2\/users\/1"}],"replies":[{"embeddable":true,"href":"https:\/\/www.esin.av.tr\/tr\/wp-json\/wp\/v2\/comments?post=9752"}],"version-history":[{"count":1,"href":"https:\/\/www.esin.av.tr\/tr\/wp-json\/wp\/v2\/pages\/9752\/revisions"}],"predecessor-version":[{"id":9753,"href":"https:\/\/www.esin.av.tr\/tr\/wp-json\/wp\/v2\/pages\/9752\/revisions\/9753"}],"wp:attachment":[{"href":"https:\/\/www.esin.av.tr\/tr\/wp-json\/wp\/v2\/media?parent=9752"}],"curies":[{"name":"wp","href":"https:\/\/api.w.org\/{rel}","templated":true}]}}