{"id":24593,"date":"2023-01-26T12:08:47","date_gmt":"2023-01-26T12:08:47","guid":{"rendered":"https:\/\/www.esin.av.tr\/?page_id=24593"},"modified":"2023-04-12T15:05:59","modified_gmt":"2023-04-12T15:05:59","slug":"etkinlik-aydinlatma-metni","status":"publish","type":"page","link":"https:\/\/www.esin.av.tr\/tr\/etkinlik-aydinlatma-metni\/","title":{"rendered":"ETK\u0130NL\u0130K AYDINLATMA METN\u0130"},"content":{"rendered":"\t\t<div data-elementor-type=\"wp-page\" data-elementor-id=\"24593\" class=\"elementor elementor-24593 elementor-24582\">\n\t\t\t\t\t\t<section class=\"elementor-section elementor-top-section elementor-element elementor-element-7c6f0f2 elementor-section-boxed elementor-section-height-default elementor-section-height-default\" data-id=\"7c6f0f2\" data-element_type=\"section\">\n\t\t\t\t\t\t<div class=\"elementor-container elementor-column-gap-default\">\n\t\t\t\t\t<div class=\"elementor-column elementor-col-100 elementor-top-column elementor-element elementor-element-4023ec3\" data-id=\"4023ec3\" data-element_type=\"column\">\n\t\t\t<div class=\"elementor-widget-wrap elementor-element-populated\">\n\t\t\t\t\t\t<div class=\"elementor-element elementor-element-4bc4a63 elementor-widget elementor-widget-text-editor\" data-id=\"4bc4a63\" data-element_type=\"widget\" data-widget_type=\"text-editor.default\">\n\t\t\t\t<div class=\"elementor-widget-container\">\n\t\t\t\t\t\t\t\t\tGizlili\u011finiz bizim i\u00e7in \u00f6nemlidir. A\u015fa\u011f\u0131da yer alan bilgiler 6698 say\u0131l\u0131 Ki\u015fisel Verilerin Korunmas\u0131 Kanunu (&#8220;KVKK&#8221;) uyar\u0131nca ki\u015fisel verilerinizi nas\u0131l i\u015fledi\u011fimizi a\u00e7\u0131klamaktad\u0131r.\t\t\t\t\t\t\t\t<\/div>\n\t\t\t\t<\/div>\n\t\t\t\t\t<\/div>\n\t\t<\/div>\n\t\t\t\t\t<\/div>\n\t\t<\/section>\n\t\t\t\t<section class=\"elementor-section elementor-top-section elementor-element elementor-element-85dd203 elementor-section-boxed elementor-section-height-default elementor-section-height-default\" data-id=\"85dd203\" data-element_type=\"section\">\n\t\t\t\t\t\t<div class=\"elementor-container elementor-column-gap-default\">\n\t\t\t\t\t<div class=\"elementor-column elementor-col-20 elementor-top-column elementor-element elementor-element-15e253c\" data-id=\"15e253c\" data-element_type=\"column\" data-settings=\"{&quot;background_background&quot;:&quot;classic&quot;}\">\n\t\t\t<div class=\"elementor-widget-wrap elementor-element-populated\">\n\t\t\t\t\t\t<div class=\"elementor-element elementor-element-0148848 elementor-widget elementor-widget-heading\" data-id=\"0148848\" data-element_type=\"widget\" data-widget_type=\"heading.default\">\n\t\t\t\t<div class=\"elementor-widget-container\">\n\t\t\t\t\t<h4 class=\"elementor-heading-title elementor-size-default\">Hangi verilerinizi i\u015fliyoruz? <\/h4>\t\t\t\t<\/div>\n\t\t\t\t<\/div>\n\t\t\t\t<div class=\"elementor-element elementor-element-2cbc0d5 elementor-widget elementor-widget-text-editor\" data-id=\"2cbc0d5\" data-element_type=\"widget\" data-widget_type=\"text-editor.default\">\n\t\t\t\t<div class=\"elementor-widget-container\">\n\t\t\t\t\t\t\t\t\tad\u0131n\u0131z, soyad\u0131n\u0131z ve ileti\u015fim bilgileriniz\t\t\t\t\t\t\t\t<\/div>\n\t\t\t\t<\/div>\n\t\t\t\t<div class=\"elementor-element elementor-element-ca51a2d elementor-widget elementor-widget-text-editor\" data-id=\"ca51a2d\" data-element_type=\"widget\" data-widget_type=\"text-editor.default\">\n\t\t\t\t<div class=\"elementor-widget-container\">\n\t\t\t\t\t\t\t\t\t<p>\u00e7al\u0131\u015ft\u0131\u011f\u0131n\u0131z kurum,i\u015f \u00fcnvan\u0131 ve \u00fclke bilgileriniz<\/p>\t\t\t\t\t\t\t\t<\/div>\n\t\t\t\t<\/div>\n\t\t\t\t<div class=\"elementor-element elementor-element-1d3ead9 elementor-widget elementor-widget-text-editor\" data-id=\"1d3ead9\" data-element_type=\"widget\" data-widget_type=\"text-editor.default\">\n\t\t\t\t<div class=\"elementor-widget-container\">\n\t\t\t\t\t\t\t\t\tetkinlikler s\u0131ras\u0131nda \u00e7ekilen foto\u011fraflar\u0131n\u0131z ve kamera kay\u0131tlar\u0131n\u0131z\t\t\t\t\t\t\t\t<\/div>\n\t\t\t\t<\/div>\n\t\t\t\t\t<\/div>\n\t\t<\/div>\n\t\t\t\t<div class=\"elementor-column elementor-col-20 elementor-top-column elementor-element elementor-element-093a126\" data-id=\"093a126\" data-element_type=\"column\">\n\t\t\t<div class=\"elementor-widget-wrap elementor-element-populated\">\n\t\t\t\t\t\t<div class=\"elementor-element elementor-element-aa400aa elementor-widget elementor-widget-heading\" data-id=\"aa400aa\" data-element_type=\"widget\" data-widget_type=\"heading.default\">\n\t\t\t\t<div class=\"elementor-widget-container\">\n\t\t\t\t\t<h4 class=\"elementor-heading-title elementor-size-default\">\u0130\u015fleme ama\u00e7lar\u0131m\u0131z<\/h4>\t\t\t\t<\/div>\n\t\t\t\t<\/div>\n\t\t\t\t<div class=\"elementor-element elementor-element-4997c61 elementor-widget elementor-widget-text-editor\" data-id=\"4997c61\" data-element_type=\"widget\" data-widget_type=\"text-editor.default\">\n\t\t\t\t<div class=\"elementor-widget-container\">\n\t\t\t\t\t\t\t\t\tetkinliklerimizi organize edebilmek\t\t\t\t\t\t\t\t<\/div>\n\t\t\t\t<\/div>\n\t\t\t\t<div class=\"elementor-element elementor-element-e489483 elementor-widget elementor-widget-text-editor\" data-id=\"e489483\" data-element_type=\"widget\" data-widget_type=\"text-editor.default\">\n\t\t\t\t<div class=\"elementor-widget-container\">\n\t\t\t\t\t\t\t\t\tsizlerle etkinlik kapsam\u0131nda ileti\u015fime ge\u00e7ebilmek\t\t\t\t\t\t\t\t<\/div>\n\t\t\t\t<\/div>\n\t\t\t\t<div class=\"elementor-element elementor-element-cb5aed5 elementor-widget elementor-widget-text-editor\" data-id=\"cb5aed5\" data-element_type=\"widget\" data-widget_type=\"text-editor.default\">\n\t\t\t\t<div class=\"elementor-widget-container\">\n\t\t\t\t\t\t\t\t\tsizi ger\u00e7ekle\u015fecek etkinliklerden haberdar etmek\t\t\t\t\t\t\t\t<\/div>\n\t\t\t\t<\/div>\n\t\t\t\t<div class=\"elementor-element elementor-element-aa76187 elementor-widget elementor-widget-text-editor\" data-id=\"aa76187\" data-element_type=\"widget\" data-widget_type=\"text-editor.default\">\n\t\t\t\t<div class=\"elementor-widget-container\">\n\t\t\t\t\t\t\t\t\tetkinliklerde sizler i\u00e7in kimlik kart\u0131 haz\u0131rlamak\t\t\t\t\t\t\t\t<\/div>\n\t\t\t\t<\/div>\n\t\t\t\t<div class=\"elementor-element elementor-element-8d1c269 elementor-widget elementor-widget-text-editor\" data-id=\"8d1c269\" data-element_type=\"widget\" data-widget_type=\"text-editor.default\">\n\t\t\t\t<div class=\"elementor-widget-container\">\n\t\t\t\t\t\t\t\t\tetkinliklerde gerekli g\u00fcvenlik \u00f6nlemlerini almak ve e\u011fitim i\u00e7eri\u011fini yay\u0131mlamak\t\t\t\t\t\t\t\t<\/div>\n\t\t\t\t<\/div>\n\t\t\t\t\t<\/div>\n\t\t<\/div>\n\t\t\t\t<div class=\"elementor-column elementor-col-20 elementor-top-column elementor-element elementor-element-638a0dc\" data-id=\"638a0dc\" data-element_type=\"column\">\n\t\t\t<div class=\"elementor-widget-wrap elementor-element-populated\">\n\t\t\t\t\t\t<div class=\"elementor-element elementor-element-fadcbd0 elementor-widget elementor-widget-heading\" data-id=\"fadcbd0\" data-element_type=\"widget\" data-widget_type=\"heading.default\">\n\t\t\t\t<div class=\"elementor-widget-container\">\n\t\t\t\t\t<h4 class=\"elementor-heading-title elementor-size-default\">\u0130\u015flemenin hukuki sebepleri<\/h4>\t\t\t\t<\/div>\n\t\t\t\t<\/div>\n\t\t\t\t<div class=\"elementor-element elementor-element-9d919ac elementor-widget elementor-widget-text-editor\" data-id=\"9d919ac\" data-element_type=\"widget\" data-widget_type=\"text-editor.default\">\n\t\t\t\t<div class=\"elementor-widget-container\">\n\t\t\t\t\t\t\t\t\tKVKK md. 5(2)f -Me\u015fru menfaatimiz &#038; KVKK md. 5(2)c &#8211; S\u00f6zle\u015fmenin ifas\u0131 i\u00e7in gerekli olmas\u0131\n\t\t\t\t\t\t\t\t<\/div>\n\t\t\t\t<\/div>\n\t\t\t\t\t<\/div>\n\t\t<\/div>\n\t\t\t\t<div class=\"elementor-column elementor-col-20 elementor-top-column elementor-element elementor-element-f6703c5\" data-id=\"f6703c5\" data-element_type=\"column\">\n\t\t\t<div class=\"elementor-widget-wrap elementor-element-populated\">\n\t\t\t\t\t\t<div class=\"elementor-element elementor-element-88afcdb elementor-widget elementor-widget-heading\" data-id=\"88afcdb\" data-element_type=\"widget\" data-widget_type=\"heading.default\">\n\t\t\t\t<div class=\"elementor-widget-container\">\n\t\t\t\t\t<h4 class=\"elementor-heading-title elementor-size-default\">Kimlerle payla\u015fabiliriz?<\/h4>\t\t\t\t<\/div>\n\t\t\t\t<\/div>\n\t\t\t\t<div class=\"elementor-element elementor-element-daf24b3 elementor-widget elementor-widget-text-editor\" data-id=\"daf24b3\" data-element_type=\"widget\" data-widget_type=\"text-editor.default\">\n\t\t\t\t<div class=\"elementor-widget-container\">\n\t\t\t\t\t\t\t\t\tmevzuat h\u00fck\u00fcmlerinin izin verdi\u011fi kurum veya kurulu\u015flar ile kamu t\u00fczel ki\u015fileri\t\t\t\t\t\t\t\t<\/div>\n\t\t\t\t<\/div>\n\t\t\t\t<div class=\"elementor-element elementor-element-e895efa elementor-widget elementor-widget-text-editor\" data-id=\"e895efa\" data-element_type=\"widget\" data-widget_type=\"text-editor.default\">\n\t\t\t\t<div class=\"elementor-widget-container\">\n\t\t\t\t\t\t\t\t\t<p>faaliyetlerimizi y\u00fcr\u00fctmek \u00fczere:<\/p><ul><li>s\u00f6zle\u015fmesel olarak hizmet ald\u0131\u011f\u0131m\u0131z veya<\/li><li>i\u015fbirli\u011fi yapt\u0131\u011f\u0131m\u0131z yurt i\u00e7indeki kurulu\u015flar ve di\u011fer 3. ki\u015filer<\/li><\/ul>\t\t\t\t\t\t\t\t<\/div>\n\t\t\t\t<\/div>\n\t\t\t\t\t<\/div>\n\t\t<\/div>\n\t\t\t\t<div class=\"elementor-column elementor-col-20 elementor-top-column elementor-element elementor-element-5d4ff58\" data-id=\"5d4ff58\" data-element_type=\"column\">\n\t\t\t<div class=\"elementor-widget-wrap elementor-element-populated\">\n\t\t\t\t\t\t<div class=\"elementor-element elementor-element-52cb6ce elementor-widget elementor-widget-heading\" data-id=\"52cb6ce\" data-element_type=\"widget\" data-widget_type=\"heading.default\">\n\t\t\t\t<div class=\"elementor-widget-container\">\n\t\t\t\t\t<h4 class=\"elementor-heading-title elementor-size-default\">Haklar\u0131n\u0131z<\/h4>\t\t\t\t<\/div>\n\t\t\t\t<\/div>\n\t\t\t\t<div class=\"elementor-element elementor-element-679da5a elementor-widget elementor-widget-text-editor\" data-id=\"679da5a\" data-element_type=\"widget\" data-widget_type=\"text-editor.default\">\n\t\t\t\t<div class=\"elementor-widget-container\">\n\t\t\t\t\t\t\t\t\tKVKK Madde 11\t\t\t\t\t\t\t\t<\/div>\n\t\t\t\t<\/div>\n\t\t\t\t<div class=\"elementor-element elementor-element-3d5ebb2 elementor-widget elementor-widget-text-editor\" data-id=\"3d5ebb2\" data-element_type=\"widget\" data-widget_type=\"text-editor.default\">\n\t\t\t\t<div class=\"elementor-widget-container\">\n\t\t\t\t\t\t\t\t\tyaz\u0131l\u0131 ba\u015fvuru:\t\t\t\t\t\t\t\t<\/div>\n\t\t\t\t<\/div>\n\t\t\t\t<div class=\"elementor-element elementor-element-43c0f2b elementor-widget elementor-widget-text-editor\" data-id=\"43c0f2b\" data-element_type=\"widget\" data-widget_type=\"text-editor.default\">\n\t\t\t\t<div class=\"elementor-widget-container\">\n\t\t\t\t\t\t\t\t\tEsin Avukatl\u0131k Ortakl\u0131\u011f\u0131 Ebulula Mardin Cad., G\u00fcl Sok. No. 2 Maya Park Tower 2, Akatlar-Be\u015fikta\u015f 34335 Istanbul T\u00fcrkiye\n\t\t\t\t\t\t\t\t<\/div>\n\t\t\t\t<\/div>\n\t\t\t\t\t<\/div>\n\t\t<\/div>\n\t\t\t\t\t<\/div>\n\t\t<\/section>\n\t\t\t\t<\/div>\n\t\t","protected":false},"excerpt":{"rendered":"<p>Gizlili\u011finiz bizim i\u00e7in \u00f6nemlidir. A\u015fa\u011f\u0131da yer alan bilgiler 6698 say\u0131l\u0131 Ki\u015fisel Verilerin Korunmas\u0131 Kanunu (&#8220;KVKK&#8221;) uyar\u0131nca ki\u015fisel verilerinizi nas\u0131l i\u015fledi\u011fimizi [&hellip;]<\/p>\n","protected":false},"author":1,"featured_media":0,"parent":0,"menu_order":0,"comment_status":"closed","ping_status":"closed","template":"tpl-privacy.php","meta":{"_acf_changed":false,"_stopmodifiedupdate":false,"_modified_date":"","footnotes":""},"class_list":["post-24593","page","type-page","status-publish","hentry"],"acf":[],"yoast_head":"<!-- This site is optimized with the Yoast SEO plugin v24.0 - https:\/\/yoast.com\/wordpress\/plugins\/seo\/ -->\n<title>ETK\u0130NL\u0130K AYDINLATMA METN\u0130 - Esin Avukatl\u0131k Ortakl\u0131\u011f\u0131<\/title>\n<meta name=\"description\" content=\"Gizlili\u011finiz bizim i\u00e7in \u00f6nemlidir. A\u015fa\u011f\u0131da yer alan bilgiler 6698 say\u0131l\u0131 Ki\u015fisel Verilerin Korunmas\u0131 Kanunu (&quot;KVKK&quot;) uyar\u0131nca ki\u015fisel verilerinizi nas\u0131l\" \/>\n<meta name=\"robots\" content=\"index, follow, max-snippet:-1, max-image-preview:large, max-video-preview:-1\" \/>\n<link rel=\"canonical\" href=\"https:\/\/www.esin.av.tr\/tr\/etkinlik-aydinlatma-metni\/\" \/>\n<meta property=\"og:locale\" content=\"tr_TR\" \/>\n<meta property=\"og:type\" content=\"article\" \/>\n<meta property=\"og:title\" content=\"ETK\u0130NL\u0130K AYDINLATMA METN\u0130 - Esin Avukatl\u0131k Ortakl\u0131\u011f\u0131\" \/>\n<meta property=\"og:description\" content=\"Gizlili\u011finiz bizim i\u00e7in \u00f6nemlidir. A\u015fa\u011f\u0131da yer alan bilgiler 6698 say\u0131l\u0131 Ki\u015fisel Verilerin Korunmas\u0131 Kanunu (&quot;KVKK&quot;) uyar\u0131nca ki\u015fisel verilerinizi nas\u0131l\" \/>\n<meta property=\"og:url\" content=\"https:\/\/www.esin.av.tr\/tr\/etkinlik-aydinlatma-metni\/\" \/>\n<meta property=\"og:site_name\" content=\"Esin Avukatl\u0131k Ortakl\u0131\u011f\u0131\" \/>\n<meta property=\"article:modified_time\" content=\"2023-04-12T15:05:59+00:00\" \/>\n<meta name=\"twitter:card\" content=\"summary_large_image\" \/>\n<meta name=\"twitter:label1\" content=\"Est. reading time\" \/>\n\t<meta name=\"twitter:data1\" content=\"1 minute\" \/>\n<script type=\"application\/ld+json\" class=\"yoast-schema-graph\">{\"@context\":\"https:\/\/schema.org\",\"@graph\":[{\"@type\":\"WebPage\",\"@id\":\"https:\/\/www.esin.av.tr\/tr\/etkinlik-aydinlatma-metni\/\",\"url\":\"https:\/\/www.esin.av.tr\/tr\/etkinlik-aydinlatma-metni\/\",\"name\":\"ETK\u0130NL\u0130K AYDINLATMA METN\u0130 - Esin Avukatl\u0131k Ortakl\u0131\u011f\u0131\",\"isPartOf\":{\"@id\":\"https:\/\/www.esin.av.tr\/tr\/#website\"},\"datePublished\":\"2023-01-26T12:08:47+00:00\",\"dateModified\":\"2023-04-12T15:05:59+00:00\",\"description\":\"Gizlili\u011finiz bizim i\u00e7in \u00f6nemlidir. A\u015fa\u011f\u0131da yer alan bilgiler 6698 say\u0131l\u0131 Ki\u015fisel Verilerin Korunmas\u0131 Kanunu (\\\"KVKK\\\") uyar\u0131nca ki\u015fisel verilerinizi nas\u0131l\",\"breadcrumb\":{\"@id\":\"https:\/\/www.esin.av.tr\/tr\/etkinlik-aydinlatma-metni\/#breadcrumb\"},\"inLanguage\":\"tr\",\"potentialAction\":[{\"@type\":\"ReadAction\",\"target\":[\"https:\/\/www.esin.av.tr\/tr\/etkinlik-aydinlatma-metni\/\"]}]},{\"@type\":\"BreadcrumbList\",\"@id\":\"https:\/\/www.esin.av.tr\/tr\/etkinlik-aydinlatma-metni\/#breadcrumb\",\"itemListElement\":[{\"@type\":\"ListItem\",\"position\":1,\"name\":\"Home\",\"item\":\"https:\/\/www.esin.av.tr\/tr\/\"},{\"@type\":\"ListItem\",\"position\":2,\"name\":\"ETK\u0130NL\u0130K AYDINLATMA METN\u0130\"}]},{\"@type\":\"WebSite\",\"@id\":\"https:\/\/www.esin.av.tr\/tr\/#website\",\"url\":\"https:\/\/www.esin.av.tr\/tr\/\",\"name\":\"Esin Avukatl\u0131k Ortakl\u0131\u011f\u0131\",\"description\":\"\",\"publisher\":{\"@id\":\"https:\/\/www.esin.av.tr\/tr\/#organization\"},\"potentialAction\":[{\"@type\":\"SearchAction\",\"target\":{\"@type\":\"EntryPoint\",\"urlTemplate\":\"https:\/\/www.esin.av.tr\/tr\/?s={search_term_string}\"},\"query-input\":{\"@type\":\"PropertyValueSpecification\",\"valueRequired\":true,\"valueName\":\"search_term_string\"}}],\"inLanguage\":\"tr\"},{\"@type\":\"Organization\",\"@id\":\"https:\/\/www.esin.av.tr\/tr\/#organization\",\"name\":\"Esin Avukatl\u0131k Ortakl\u0131\u011f\u0131\",\"url\":\"https:\/\/www.esin.av.tr\/tr\/\",\"logo\":{\"@type\":\"ImageObject\",\"inLanguage\":\"tr\",\"@id\":\"https:\/\/www.esin.av.tr\/tr\/#\/schema\/logo\/image\/\",\"url\":\"https:\/\/www.esin.av.tr\/wp-content\/uploads\/2021\/09\/esin-2.jpg\",\"contentUrl\":\"https:\/\/www.esin.av.tr\/wp-content\/uploads\/2021\/09\/esin-2.jpg\",\"width\":800,\"height\":460,\"caption\":\"Esin Avukatl\u0131k Ortakl\u0131\u011f\u0131\"},\"image\":{\"@id\":\"https:\/\/www.esin.av.tr\/tr\/#\/schema\/logo\/image\/\"}}]}<\/script>\n<!-- \/ Yoast SEO plugin. -->","yoast_head_json":{"title":"ETK\u0130NL\u0130K AYDINLATMA METN\u0130 - Esin Avukatl\u0131k Ortakl\u0131\u011f\u0131","description":"Gizlili\u011finiz bizim i\u00e7in \u00f6nemlidir. A\u015fa\u011f\u0131da yer alan bilgiler 6698 say\u0131l\u0131 Ki\u015fisel Verilerin Korunmas\u0131 Kanunu (\"KVKK\") uyar\u0131nca ki\u015fisel verilerinizi nas\u0131l","robots":{"index":"index","follow":"follow","max-snippet":"max-snippet:-1","max-image-preview":"max-image-preview:large","max-video-preview":"max-video-preview:-1"},"canonical":"https:\/\/www.esin.av.tr\/tr\/etkinlik-aydinlatma-metni\/","og_locale":"tr_TR","og_type":"article","og_title":"ETK\u0130NL\u0130K AYDINLATMA METN\u0130 - Esin Avukatl\u0131k Ortakl\u0131\u011f\u0131","og_description":"Gizlili\u011finiz bizim i\u00e7in \u00f6nemlidir. A\u015fa\u011f\u0131da yer alan bilgiler 6698 say\u0131l\u0131 Ki\u015fisel Verilerin Korunmas\u0131 Kanunu (\"KVKK\") uyar\u0131nca ki\u015fisel verilerinizi nas\u0131l","og_url":"https:\/\/www.esin.av.tr\/tr\/etkinlik-aydinlatma-metni\/","og_site_name":"Esin Avukatl\u0131k Ortakl\u0131\u011f\u0131","article_modified_time":"2023-04-12T15:05:59+00:00","twitter_card":"summary_large_image","twitter_misc":{"Est. reading time":"1 minute"},"schema":{"@context":"https:\/\/schema.org","@graph":[{"@type":"WebPage","@id":"https:\/\/www.esin.av.tr\/tr\/etkinlik-aydinlatma-metni\/","url":"https:\/\/www.esin.av.tr\/tr\/etkinlik-aydinlatma-metni\/","name":"ETK\u0130NL\u0130K AYDINLATMA METN\u0130 - Esin Avukatl\u0131k Ortakl\u0131\u011f\u0131","isPartOf":{"@id":"https:\/\/www.esin.av.tr\/tr\/#website"},"datePublished":"2023-01-26T12:08:47+00:00","dateModified":"2023-04-12T15:05:59+00:00","description":"Gizlili\u011finiz bizim i\u00e7in \u00f6nemlidir. A\u015fa\u011f\u0131da yer alan bilgiler 6698 say\u0131l\u0131 Ki\u015fisel Verilerin Korunmas\u0131 Kanunu (\"KVKK\") uyar\u0131nca ki\u015fisel verilerinizi nas\u0131l","breadcrumb":{"@id":"https:\/\/www.esin.av.tr\/tr\/etkinlik-aydinlatma-metni\/#breadcrumb"},"inLanguage":"tr","potentialAction":[{"@type":"ReadAction","target":["https:\/\/www.esin.av.tr\/tr\/etkinlik-aydinlatma-metni\/"]}]},{"@type":"BreadcrumbList","@id":"https:\/\/www.esin.av.tr\/tr\/etkinlik-aydinlatma-metni\/#breadcrumb","itemListElement":[{"@type":"ListItem","position":1,"name":"Home","item":"https:\/\/www.esin.av.tr\/tr\/"},{"@type":"ListItem","position":2,"name":"ETK\u0130NL\u0130K AYDINLATMA METN\u0130"}]},{"@type":"WebSite","@id":"https:\/\/www.esin.av.tr\/tr\/#website","url":"https:\/\/www.esin.av.tr\/tr\/","name":"Esin Avukatl\u0131k Ortakl\u0131\u011f\u0131","description":"","publisher":{"@id":"https:\/\/www.esin.av.tr\/tr\/#organization"},"potentialAction":[{"@type":"SearchAction","target":{"@type":"EntryPoint","urlTemplate":"https:\/\/www.esin.av.tr\/tr\/?s={search_term_string}"},"query-input":{"@type":"PropertyValueSpecification","valueRequired":true,"valueName":"search_term_string"}}],"inLanguage":"tr"},{"@type":"Organization","@id":"https:\/\/www.esin.av.tr\/tr\/#organization","name":"Esin Avukatl\u0131k Ortakl\u0131\u011f\u0131","url":"https:\/\/www.esin.av.tr\/tr\/","logo":{"@type":"ImageObject","inLanguage":"tr","@id":"https:\/\/www.esin.av.tr\/tr\/#\/schema\/logo\/image\/","url":"https:\/\/www.esin.av.tr\/wp-content\/uploads\/2021\/09\/esin-2.jpg","contentUrl":"https:\/\/www.esin.av.tr\/wp-content\/uploads\/2021\/09\/esin-2.jpg","width":800,"height":460,"caption":"Esin Avukatl\u0131k Ortakl\u0131\u011f\u0131"},"image":{"@id":"https:\/\/www.esin.av.tr\/tr\/#\/schema\/logo\/image\/"}}]}},"_links":{"self":[{"href":"https:\/\/www.esin.av.tr\/tr\/wp-json\/wp\/v2\/pages\/24593","targetHints":{"allow":["GET"]}}],"collection":[{"href":"https:\/\/www.esin.av.tr\/tr\/wp-json\/wp\/v2\/pages"}],"about":[{"href":"https:\/\/www.esin.av.tr\/tr\/wp-json\/wp\/v2\/types\/page"}],"author":[{"embeddable":true,"href":"https:\/\/www.esin.av.tr\/tr\/wp-json\/wp\/v2\/users\/1"}],"replies":[{"embeddable":true,"href":"https:\/\/www.esin.av.tr\/tr\/wp-json\/wp\/v2\/comments?post=24593"}],"version-history":[{"count":10,"href":"https:\/\/www.esin.av.tr\/tr\/wp-json\/wp\/v2\/pages\/24593\/revisions"}],"predecessor-version":[{"id":25332,"href":"https:\/\/www.esin.av.tr\/tr\/wp-json\/wp\/v2\/pages\/24593\/revisions\/25332"}],"wp:attachment":[{"href":"https:\/\/www.esin.av.tr\/tr\/wp-json\/wp\/v2\/media?parent=24593"}],"curies":[{"name":"wp","href":"https:\/\/api.w.org\/{rel}","templated":true}]}}