{"id":10465,"date":"2018-10-18T14:46:40","date_gmt":"2018-10-18T14:46:40","guid":{"rendered":"https:\/\/www.esin.av.tr\/?page_id=10465"},"modified":"2026-01-06T10:24:48","modified_gmt":"2026-01-06T10:24:48","slug":"yasal-stajyer","status":"publish","type":"page","link":"https:\/\/www.esin.av.tr\/tr\/kariyer\/yasal-stajyer\/","title":{"rendered":"Yasal Stajyer"},"content":{"rendered":"\t\t<div data-elementor-type=\"wp-page\" data-elementor-id=\"10465\" class=\"elementor elementor-10465\">\n\t\t\t\t\t\t<section class=\"elementor-section elementor-top-section elementor-element elementor-element-9fa233e elementor-section-boxed elementor-section-height-default elementor-section-height-default\" data-id=\"9fa233e\" data-element_type=\"section\">\n\t\t\t\t\t\t<div class=\"elementor-container elementor-column-gap-default\">\n\t\t\t\t\t<div class=\"elementor-column elementor-col-100 elementor-top-column elementor-element elementor-element-05316a2\" data-id=\"05316a2\" data-element_type=\"column\">\n\t\t\t<div class=\"elementor-widget-wrap elementor-element-populated\">\n\t\t\t\t\t\t<div class=\"elementor-element elementor-element-60b9812 elementor-widget elementor-widget-text-editor\" data-id=\"60b9812\" data-element_type=\"widget\" data-widget_type=\"text-editor.default\">\n\t\t\t\t<div class=\"elementor-widget-container\">\n\t\t\t\t\t\t\t\t\t<p><strong>Esin Avukatl\u0131k Ortakl\u0131\u011f\u0131 olarak ortak de\u011ferlerimiz olan do\u011fruluk, d\u00fcr\u00fcstl\u00fck ve yard\u0131mseverli\u011fi benimsemi\u015f yeni ekip arkada\u015flar\u0131m\u0131z\u0131 ar\u0131yoruz.\u00a0<\/strong><\/p><p>Yasal Staj ba\u015fvurular\u0131m\u0131z 1 Aral\u0131k 2025 ve 5 Ocak 2026 tarihleri aras\u0131nda de\u011ferlendirilecektir.\u00a0<\/p><p>Ba\u015fvurular\u0131n\u0131z\u0131 ba\u015fvuru sayfam\u0131z\u0131n kariyer b\u00f6l\u00fcm\u00fcnden tamamlaman\u0131z\u0131 rica ediyoruz.<\/p><p><span style=\"text-decoration: underline;\">16\/01\/2026<\/span>\u00a0tarihine kadar \u0130nsan Kaynaklar\u0131 ekibimiz taraf\u0131ndan ba\u015fvurusu <u>olumlu<\/u> de\u011ferlendirilen adaylara geri d\u00f6n\u00fc\u015fler tamamlanm\u0131\u015f olacakt\u0131r.\u00a0<\/p><p><strong>Yasal Stajyer Al\u0131m S\u00fcreci<br \/><\/strong>2025\/26 y\u0131l\u0131 yasal stajyer al\u0131m s\u00fcrecimizin a\u015famalar\u0131 a\u015fa\u011f\u0131daki gibi olacakt\u0131r:<\/p>\t\t\t\t\t\t\t\t<\/div>\n\t\t\t\t<\/div>\n\t\t\t\t\t<\/div>\n\t\t<\/div>\n\t\t\t\t\t<\/div>\n\t\t<\/section>\n\t\t\t\t<section class=\"elementor-section elementor-top-section elementor-element elementor-element-497964f elementor-section-boxed elementor-section-height-default elementor-section-height-default\" data-id=\"497964f\" data-element_type=\"section\">\n\t\t\t\t\t\t<div class=\"elementor-container elementor-column-gap-default\">\n\t\t\t\t\t<div class=\"elementor-column elementor-col-100 elementor-top-column elementor-element elementor-element-c86b9ce\" data-id=\"c86b9ce\" data-element_type=\"column\">\n\t\t\t<div class=\"elementor-widget-wrap elementor-element-populated\">\n\t\t\t\t\t\t<div class=\"elementor-element elementor-element-ca7ea09 elementor-widget elementor-widget-text-editor\" data-id=\"ca7ea09\" data-element_type=\"widget\" data-widget_type=\"text-editor.default\">\n\t\t\t\t<div class=\"elementor-widget-container\">\n\t\t\t\t\t\t\t\t\t<table style=\"width: 100%;\"><thead><tr><th><strong>A\u015fama<\/strong><\/th><th><strong>Tarih Aral\u0131\u011f\u0131<\/strong><\/th><\/tr><\/thead><tbody><tr><td><strong>Ba\u015fvuru Toplama<\/strong><\/td><td>1 Aral\u0131k 2025<br \/>5 Ocak 2026<\/td><\/tr><tr><td><strong>\u0130ngilizce S\u0131nav\u0131<\/strong><\/td><td>Duyurulacakt\u0131r<\/td><\/tr><tr><td><strong>Vaka \u00c7al\u0131\u015fmas\u0131&amp;Sunumlar<\/strong><\/td><td>Duyurulacakt\u0131r<\/td><\/tr><tr><td><strong>Son De\u011ferlendirme<\/strong><\/td><td>Duyurulacakt\u0131r<\/td><\/tr><\/tbody><\/table>\t\t\t\t\t\t\t\t<\/div>\n\t\t\t\t<\/div>\n\t\t\t\t\t<\/div>\n\t\t<\/div>\n\t\t\t\t\t<\/div>\n\t\t<\/section>\n\t\t\t\t<section class=\"elementor-section elementor-top-section elementor-element elementor-element-a9f3112 elementor-section-boxed elementor-section-height-default elementor-section-height-default\" data-id=\"a9f3112\" data-element_type=\"section\">\n\t\t\t\t\t\t<div class=\"elementor-container elementor-column-gap-default\">\n\t\t\t\t\t<div class=\"elementor-column elementor-col-100 elementor-top-column elementor-element elementor-element-4c46d07\" data-id=\"4c46d07\" data-element_type=\"column\">\n\t\t\t<div class=\"elementor-widget-wrap elementor-element-populated\">\n\t\t\t\t\t\t<div class=\"elementor-element elementor-element-517ef41 elementor-widget elementor-widget-text-editor\" data-id=\"517ef41\" data-element_type=\"widget\" data-widget_type=\"text-editor.default\">\n\t\t\t\t<div class=\"elementor-widget-container\">\n\t\t\t\t\t\t\t\t\t<p><strong>M\u00fcstakbel Meslekta\u015flar\u0131m\u0131zda Ne Ar\u0131yoruz? &lt;Fazla de\u011fil, sadece temel beklentiler&gt;<\/strong><\/p><ul><li>En \u00f6nemlisi: iyi bir insan olmak<\/li><li>\u0130yi bir tak\u0131m oyuncusu olmak<\/li><li>\u0130yi derecede temel hukuk bilgisine sahip olmak<\/li><li>\u0130yi bir ileti\u015fim becerisine sahip olmak<\/li><\/ul><p>Ba\u015fvuru yaparken l\u00fctfen \u00f6zge\u00e7mi\u015finizi, g\u00fcncel not ortalaman\u0131z\u0131 ve varsa TOEFL ya da IELTS puan\u0131n\u0131z\u0131 ekleyiniz.\u00a0<\/p>\t\t\t\t\t\t\t\t<\/div>\n\t\t\t\t<\/div>\n\t\t\t\t\t<\/div>\n\t\t<\/div>\n\t\t\t\t\t<\/div>\n\t\t<\/section>\n\t\t\t\t<\/div>\n\t\t","protected":false},"excerpt":{"rendered":"<p>Esin Avukatl\u0131k Ortakl\u0131\u011f\u0131 olarak ortak de\u011ferlerimiz olan do\u011fruluk, d\u00fcr\u00fcstl\u00fck ve yard\u0131mseverli\u011fi benimsemi\u015f yeni ekip arkada\u015flar\u0131m\u0131z\u0131 ar\u0131yoruz.\u00a0 Yasal Staj ba\u015fvurular\u0131m\u0131z 1 [&hellip;]<\/p>\n","protected":false},"author":1,"featured_media":0,"parent":4302,"menu_order":8,"comment_status":"closed","ping_status":"closed","template":"tpl-career-legal-interns.php","meta":{"_acf_changed":false,"_stopmodifiedupdate":false,"_modified_date":"","footnotes":""},"class_list":["post-10465","page","type-page","status-publish","hentry"],"acf":[],"yoast_head":"<!-- This site is optimized with the Yoast SEO plugin v24.0 - https:\/\/yoast.com\/wordpress\/plugins\/seo\/ -->\n<title>Yasal Stajyer - Esin Avukatl\u0131k Ortakl\u0131\u011f\u0131<\/title>\n<meta name=\"description\" content=\"Esin Avukatl\u0131k Ortakl\u0131\u011f\u0131 olarak ortak de\u011ferlerimiz olan do\u011fruluk, d\u00fcr\u00fcstl\u00fck ve yard\u0131mseverli\u011fi benimsemi\u015f yeni ekip arkada\u015flar\u0131m\u0131z\u0131 ar\u0131yoruz.\u00a0 Yasal Staj\" \/>\n<meta name=\"robots\" content=\"index, follow, max-snippet:-1, max-image-preview:large, max-video-preview:-1\" \/>\n<link rel=\"canonical\" href=\"https:\/\/www.esin.av.tr\/tr\/kariyer\/yasal-stajyer\/\" \/>\n<meta property=\"og:locale\" content=\"tr_TR\" \/>\n<meta property=\"og:type\" content=\"article\" \/>\n<meta property=\"og:title\" content=\"Yasal Stajyer - Esin Avukatl\u0131k Ortakl\u0131\u011f\u0131\" \/>\n<meta property=\"og:description\" content=\"Esin Avukatl\u0131k Ortakl\u0131\u011f\u0131 olarak ortak de\u011ferlerimiz olan do\u011fruluk, d\u00fcr\u00fcstl\u00fck ve yard\u0131mseverli\u011fi benimsemi\u015f yeni ekip arkada\u015flar\u0131m\u0131z\u0131 ar\u0131yoruz.\u00a0 Yasal Staj\" \/>\n<meta property=\"og:url\" content=\"https:\/\/www.esin.av.tr\/tr\/kariyer\/yasal-stajyer\/\" \/>\n<meta property=\"og:site_name\" content=\"Esin Avukatl\u0131k Ortakl\u0131\u011f\u0131\" \/>\n<meta property=\"article:modified_time\" content=\"2026-01-06T10:24:48+00:00\" \/>\n<meta name=\"twitter:card\" content=\"summary_large_image\" \/>\n<meta name=\"twitter:label1\" content=\"Est. reading time\" \/>\n\t<meta name=\"twitter:data1\" content=\"2 minutes\" \/>\n<script type=\"application\/ld+json\" class=\"yoast-schema-graph\">{\"@context\":\"https:\/\/schema.org\",\"@graph\":[{\"@type\":\"WebPage\",\"@id\":\"https:\/\/www.esin.av.tr\/tr\/kariyer\/yasal-stajyer\/\",\"url\":\"https:\/\/www.esin.av.tr\/tr\/kariyer\/yasal-stajyer\/\",\"name\":\"Yasal Stajyer - Esin Avukatl\u0131k Ortakl\u0131\u011f\u0131\",\"isPartOf\":{\"@id\":\"https:\/\/www.esin.av.tr\/tr\/#website\"},\"datePublished\":\"2018-10-18T14:46:40+00:00\",\"dateModified\":\"2026-01-06T10:24:48+00:00\",\"description\":\"Esin Avukatl\u0131k Ortakl\u0131\u011f\u0131 olarak ortak de\u011ferlerimiz olan do\u011fruluk, d\u00fcr\u00fcstl\u00fck ve yard\u0131mseverli\u011fi benimsemi\u015f yeni ekip arkada\u015flar\u0131m\u0131z\u0131 ar\u0131yoruz.\u00a0 Yasal Staj\",\"breadcrumb\":{\"@id\":\"https:\/\/www.esin.av.tr\/tr\/kariyer\/yasal-stajyer\/#breadcrumb\"},\"inLanguage\":\"tr\",\"potentialAction\":[{\"@type\":\"ReadAction\",\"target\":[\"https:\/\/www.esin.av.tr\/tr\/kariyer\/yasal-stajyer\/\"]}]},{\"@type\":\"BreadcrumbList\",\"@id\":\"https:\/\/www.esin.av.tr\/tr\/kariyer\/yasal-stajyer\/#breadcrumb\",\"itemListElement\":[{\"@type\":\"ListItem\",\"position\":1,\"name\":\"Home\",\"item\":\"https:\/\/www.esin.av.tr\/tr\/\"},{\"@type\":\"ListItem\",\"position\":2,\"name\":\"Kariyer\",\"item\":\"https:\/\/www.esin.av.tr\/tr\/kariyer\/\"},{\"@type\":\"ListItem\",\"position\":3,\"name\":\"Yasal Stajyer\"}]},{\"@type\":\"WebSite\",\"@id\":\"https:\/\/www.esin.av.tr\/tr\/#website\",\"url\":\"https:\/\/www.esin.av.tr\/tr\/\",\"name\":\"Esin Avukatl\u0131k Ortakl\u0131\u011f\u0131\",\"description\":\"\",\"publisher\":{\"@id\":\"https:\/\/www.esin.av.tr\/tr\/#organization\"},\"potentialAction\":[{\"@type\":\"SearchAction\",\"target\":{\"@type\":\"EntryPoint\",\"urlTemplate\":\"https:\/\/www.esin.av.tr\/tr\/?s={search_term_string}\"},\"query-input\":{\"@type\":\"PropertyValueSpecification\",\"valueRequired\":true,\"valueName\":\"search_term_string\"}}],\"inLanguage\":\"tr\"},{\"@type\":\"Organization\",\"@id\":\"https:\/\/www.esin.av.tr\/tr\/#organization\",\"name\":\"Esin Avukatl\u0131k Ortakl\u0131\u011f\u0131\",\"url\":\"https:\/\/www.esin.av.tr\/tr\/\",\"logo\":{\"@type\":\"ImageObject\",\"inLanguage\":\"tr\",\"@id\":\"https:\/\/www.esin.av.tr\/tr\/#\/schema\/logo\/image\/\",\"url\":\"https:\/\/www.esin.av.tr\/wp-content\/uploads\/2021\/09\/esin-2.jpg\",\"contentUrl\":\"https:\/\/www.esin.av.tr\/wp-content\/uploads\/2021\/09\/esin-2.jpg\",\"width\":800,\"height\":460,\"caption\":\"Esin Avukatl\u0131k Ortakl\u0131\u011f\u0131\"},\"image\":{\"@id\":\"https:\/\/www.esin.av.tr\/tr\/#\/schema\/logo\/image\/\"}}]}<\/script>\n<!-- \/ Yoast SEO plugin. -->","yoast_head_json":{"title":"Yasal Stajyer - Esin Avukatl\u0131k Ortakl\u0131\u011f\u0131","description":"Esin Avukatl\u0131k Ortakl\u0131\u011f\u0131 olarak ortak de\u011ferlerimiz olan do\u011fruluk, d\u00fcr\u00fcstl\u00fck ve yard\u0131mseverli\u011fi benimsemi\u015f yeni ekip arkada\u015flar\u0131m\u0131z\u0131 ar\u0131yoruz.\u00a0 Yasal Staj","robots":{"index":"index","follow":"follow","max-snippet":"max-snippet:-1","max-image-preview":"max-image-preview:large","max-video-preview":"max-video-preview:-1"},"canonical":"https:\/\/www.esin.av.tr\/tr\/kariyer\/yasal-stajyer\/","og_locale":"tr_TR","og_type":"article","og_title":"Yasal Stajyer - Esin Avukatl\u0131k Ortakl\u0131\u011f\u0131","og_description":"Esin Avukatl\u0131k Ortakl\u0131\u011f\u0131 olarak ortak de\u011ferlerimiz olan do\u011fruluk, d\u00fcr\u00fcstl\u00fck ve yard\u0131mseverli\u011fi benimsemi\u015f yeni ekip arkada\u015flar\u0131m\u0131z\u0131 ar\u0131yoruz.\u00a0 Yasal Staj","og_url":"https:\/\/www.esin.av.tr\/tr\/kariyer\/yasal-stajyer\/","og_site_name":"Esin Avukatl\u0131k Ortakl\u0131\u011f\u0131","article_modified_time":"2026-01-06T10:24:48+00:00","twitter_card":"summary_large_image","twitter_misc":{"Est. reading time":"2 minutes"},"schema":{"@context":"https:\/\/schema.org","@graph":[{"@type":"WebPage","@id":"https:\/\/www.esin.av.tr\/tr\/kariyer\/yasal-stajyer\/","url":"https:\/\/www.esin.av.tr\/tr\/kariyer\/yasal-stajyer\/","name":"Yasal Stajyer - Esin Avukatl\u0131k Ortakl\u0131\u011f\u0131","isPartOf":{"@id":"https:\/\/www.esin.av.tr\/tr\/#website"},"datePublished":"2018-10-18T14:46:40+00:00","dateModified":"2026-01-06T10:24:48+00:00","description":"Esin Avukatl\u0131k Ortakl\u0131\u011f\u0131 olarak ortak de\u011ferlerimiz olan do\u011fruluk, d\u00fcr\u00fcstl\u00fck ve yard\u0131mseverli\u011fi benimsemi\u015f yeni ekip arkada\u015flar\u0131m\u0131z\u0131 ar\u0131yoruz.\u00a0 Yasal Staj","breadcrumb":{"@id":"https:\/\/www.esin.av.tr\/tr\/kariyer\/yasal-stajyer\/#breadcrumb"},"inLanguage":"tr","potentialAction":[{"@type":"ReadAction","target":["https:\/\/www.esin.av.tr\/tr\/kariyer\/yasal-stajyer\/"]}]},{"@type":"BreadcrumbList","@id":"https:\/\/www.esin.av.tr\/tr\/kariyer\/yasal-stajyer\/#breadcrumb","itemListElement":[{"@type":"ListItem","position":1,"name":"Home","item":"https:\/\/www.esin.av.tr\/tr\/"},{"@type":"ListItem","position":2,"name":"Kariyer","item":"https:\/\/www.esin.av.tr\/tr\/kariyer\/"},{"@type":"ListItem","position":3,"name":"Yasal Stajyer"}]},{"@type":"WebSite","@id":"https:\/\/www.esin.av.tr\/tr\/#website","url":"https:\/\/www.esin.av.tr\/tr\/","name":"Esin Avukatl\u0131k Ortakl\u0131\u011f\u0131","description":"","publisher":{"@id":"https:\/\/www.esin.av.tr\/tr\/#organization"},"potentialAction":[{"@type":"SearchAction","target":{"@type":"EntryPoint","urlTemplate":"https:\/\/www.esin.av.tr\/tr\/?s={search_term_string}"},"query-input":{"@type":"PropertyValueSpecification","valueRequired":true,"valueName":"search_term_string"}}],"inLanguage":"tr"},{"@type":"Organization","@id":"https:\/\/www.esin.av.tr\/tr\/#organization","name":"Esin Avukatl\u0131k Ortakl\u0131\u011f\u0131","url":"https:\/\/www.esin.av.tr\/tr\/","logo":{"@type":"ImageObject","inLanguage":"tr","@id":"https:\/\/www.esin.av.tr\/tr\/#\/schema\/logo\/image\/","url":"https:\/\/www.esin.av.tr\/wp-content\/uploads\/2021\/09\/esin-2.jpg","contentUrl":"https:\/\/www.esin.av.tr\/wp-content\/uploads\/2021\/09\/esin-2.jpg","width":800,"height":460,"caption":"Esin Avukatl\u0131k Ortakl\u0131\u011f\u0131"},"image":{"@id":"https:\/\/www.esin.av.tr\/tr\/#\/schema\/logo\/image\/"}}]}},"_links":{"self":[{"href":"https:\/\/www.esin.av.tr\/tr\/wp-json\/wp\/v2\/pages\/10465","targetHints":{"allow":["GET"]}}],"collection":[{"href":"https:\/\/www.esin.av.tr\/tr\/wp-json\/wp\/v2\/pages"}],"about":[{"href":"https:\/\/www.esin.av.tr\/tr\/wp-json\/wp\/v2\/types\/page"}],"author":[{"embeddable":true,"href":"https:\/\/www.esin.av.tr\/tr\/wp-json\/wp\/v2\/users\/1"}],"replies":[{"embeddable":true,"href":"https:\/\/www.esin.av.tr\/tr\/wp-json\/wp\/v2\/comments?post=10465"}],"version-history":[{"count":218,"href":"https:\/\/www.esin.av.tr\/tr\/wp-json\/wp\/v2\/pages\/10465\/revisions"}],"predecessor-version":[{"id":31763,"href":"https:\/\/www.esin.av.tr\/tr\/wp-json\/wp\/v2\/pages\/10465\/revisions\/31763"}],"up":[{"embeddable":true,"href":"https:\/\/www.esin.av.tr\/tr\/wp-json\/wp\/v2\/pages\/4302"}],"wp:attachment":[{"href":"https:\/\/www.esin.av.tr\/tr\/wp-json\/wp\/v2\/media?parent=10465"}],"curies":[{"name":"wp","href":"https:\/\/api.w.org\/{rel}","templated":true}]}}