{"id":10457,"date":"2018-10-18T14:45:16","date_gmt":"2018-10-18T14:45:16","guid":{"rendered":"https:\/\/www.esin.av.tr\/?page_id=10457"},"modified":"2023-01-23T13:56:54","modified_gmt":"2023-01-23T13:56:54","slug":"avukatlar","status":"publish","type":"page","link":"https:\/\/www.esin.av.tr\/tr\/kariyer\/avukatlar\/","title":{"rendered":"Avukat"},"content":{"rendered":"<p><span style=\"font-size: 14pt;\"><strong>Esin Avukatl\u0131k Ortakl\u0131\u011f\u0131 olarak yeni tak\u0131m arkada\u015flar\u0131 ar\u0131yoruz.<\/strong><\/span><\/p>\n<p>&nbsp;<\/p>\n<p><span style=\"color: #ae122a; font-size: 14pt;\"><strong>Avukatl\u0131k Ba\u015fvurusu<\/strong><\/span><\/p>\n<div class=\"career-detail-list\">\n<p><strong style=\"color: #ae122a;\">Ne Ar\u0131yoruz? &lt; Fazla de\u011fil, sadece temel beklentiler &gt;<\/strong><\/p>\n<ul>\n<li>En \u00f6nemlisi: iyi insan olmak<\/li>\n<li>\u0130yi bir tak\u0131m oyuncusu olmak<\/li>\n<li>\u0130yi bir ileti\u015fim becerisine sahip olmak<\/li>\n<li>\u0130yi derecede temel hukuk bilgisine sahip olmak<\/li>\n<li>Sorumluluk sahibi olmak<\/li>\n<\/ul>\n<\/div>\n<p><strong>Ba\u015fvuru yaparken l\u00fctfen \u00f6zge\u00e7mi\u015finizi, g\u00fcncel not ortalaman\u0131z\u0131 ve e\u011fer varsa TOEFL ya da IELTS puan\u0131n\u0131z\u0131 ekleyiniz.<\/strong><\/p>\n","protected":false},"excerpt":{"rendered":"<p>Esin Avukatl\u0131k Ortakl\u0131\u011f\u0131 olarak yeni tak\u0131m arkada\u015flar\u0131 ar\u0131yoruz. &nbsp; Avukatl\u0131k Ba\u015fvurusu Ne Ar\u0131yoruz? &lt; Fazla de\u011fil, sadece temel beklentiler &gt; [&hellip;]<\/p>\n","protected":false},"author":1,"featured_media":0,"parent":4302,"menu_order":10,"comment_status":"closed","ping_status":"closed","template":"tpl-attorneys.php","meta":{"_acf_changed":false,"_stopmodifiedupdate":false,"_modified_date":"","footnotes":""},"class_list":["post-10457","page","type-page","status-publish","hentry"],"acf":[],"yoast_head":"<!-- This site is optimized with the Yoast SEO plugin v24.0 - https:\/\/yoast.com\/wordpress\/plugins\/seo\/ -->\n<title>Avukat - Esin Avukatl\u0131k Ortakl\u0131\u011f\u0131<\/title>\n<meta name=\"description\" content=\"Esin Avukatl\u0131k Ortakl\u0131\u011f\u0131 olarak yeni tak\u0131m arkada\u015flar\u0131 ar\u0131yoruz. &nbsp; Avukatl\u0131k Ba\u015fvurusu Ne Ar\u0131yoruz? &lt; Fazla de\u011fil, sadece temel beklentiler &gt;\" \/>\n<meta name=\"robots\" content=\"index, follow, max-snippet:-1, max-image-preview:large, max-video-preview:-1\" \/>\n<link rel=\"canonical\" href=\"https:\/\/www.esin.av.tr\/tr\/kariyer\/avukatlar\/\" \/>\n<meta property=\"og:locale\" content=\"tr_TR\" \/>\n<meta property=\"og:type\" content=\"article\" \/>\n<meta property=\"og:title\" content=\"Avukat - Esin Avukatl\u0131k Ortakl\u0131\u011f\u0131\" \/>\n<meta property=\"og:description\" content=\"Esin Avukatl\u0131k Ortakl\u0131\u011f\u0131 olarak yeni tak\u0131m arkada\u015flar\u0131 ar\u0131yoruz. &nbsp; Avukatl\u0131k Ba\u015fvurusu Ne Ar\u0131yoruz? &lt; Fazla de\u011fil, sadece temel beklentiler &gt;\" \/>\n<meta property=\"og:url\" content=\"https:\/\/www.esin.av.tr\/tr\/kariyer\/avukatlar\/\" \/>\n<meta property=\"og:site_name\" content=\"Esin Avukatl\u0131k Ortakl\u0131\u011f\u0131\" \/>\n<meta property=\"article:modified_time\" content=\"2023-01-23T13:56:54+00:00\" \/>\n<meta name=\"twitter:card\" content=\"summary_large_image\" \/>\n<meta name=\"twitter:label1\" content=\"Est. reading time\" \/>\n\t<meta name=\"twitter:data1\" content=\"1 minute\" \/>\n<script type=\"application\/ld+json\" class=\"yoast-schema-graph\">{\"@context\":\"https:\/\/schema.org\",\"@graph\":[{\"@type\":\"WebPage\",\"@id\":\"https:\/\/www.esin.av.tr\/tr\/kariyer\/avukatlar\/\",\"url\":\"https:\/\/www.esin.av.tr\/tr\/kariyer\/avukatlar\/\",\"name\":\"Avukat - Esin Avukatl\u0131k Ortakl\u0131\u011f\u0131\",\"isPartOf\":{\"@id\":\"https:\/\/www.esin.av.tr\/tr\/#website\"},\"datePublished\":\"2018-10-18T14:45:16+00:00\",\"dateModified\":\"2023-01-23T13:56:54+00:00\",\"description\":\"Esin Avukatl\u0131k Ortakl\u0131\u011f\u0131 olarak yeni tak\u0131m arkada\u015flar\u0131 ar\u0131yoruz. &nbsp; Avukatl\u0131k Ba\u015fvurusu Ne Ar\u0131yoruz? &lt; Fazla de\u011fil, sadece temel beklentiler &gt;\",\"breadcrumb\":{\"@id\":\"https:\/\/www.esin.av.tr\/tr\/kariyer\/avukatlar\/#breadcrumb\"},\"inLanguage\":\"tr\",\"potentialAction\":[{\"@type\":\"ReadAction\",\"target\":[\"https:\/\/www.esin.av.tr\/tr\/kariyer\/avukatlar\/\"]}]},{\"@type\":\"BreadcrumbList\",\"@id\":\"https:\/\/www.esin.av.tr\/tr\/kariyer\/avukatlar\/#breadcrumb\",\"itemListElement\":[{\"@type\":\"ListItem\",\"position\":1,\"name\":\"Home\",\"item\":\"https:\/\/www.esin.av.tr\/tr\/\"},{\"@type\":\"ListItem\",\"position\":2,\"name\":\"Kariyer\",\"item\":\"https:\/\/www.esin.av.tr\/tr\/kariyer\/\"},{\"@type\":\"ListItem\",\"position\":3,\"name\":\"Avukat\"}]},{\"@type\":\"WebSite\",\"@id\":\"https:\/\/www.esin.av.tr\/tr\/#website\",\"url\":\"https:\/\/www.esin.av.tr\/tr\/\",\"name\":\"Esin Avukatl\u0131k Ortakl\u0131\u011f\u0131\",\"description\":\"\",\"publisher\":{\"@id\":\"https:\/\/www.esin.av.tr\/tr\/#organization\"},\"potentialAction\":[{\"@type\":\"SearchAction\",\"target\":{\"@type\":\"EntryPoint\",\"urlTemplate\":\"https:\/\/www.esin.av.tr\/tr\/?s={search_term_string}\"},\"query-input\":{\"@type\":\"PropertyValueSpecification\",\"valueRequired\":true,\"valueName\":\"search_term_string\"}}],\"inLanguage\":\"tr\"},{\"@type\":\"Organization\",\"@id\":\"https:\/\/www.esin.av.tr\/tr\/#organization\",\"name\":\"Esin Avukatl\u0131k Ortakl\u0131\u011f\u0131\",\"url\":\"https:\/\/www.esin.av.tr\/tr\/\",\"logo\":{\"@type\":\"ImageObject\",\"inLanguage\":\"tr\",\"@id\":\"https:\/\/www.esin.av.tr\/tr\/#\/schema\/logo\/image\/\",\"url\":\"https:\/\/www.esin.av.tr\/wp-content\/uploads\/2021\/09\/esin-2.jpg\",\"contentUrl\":\"https:\/\/www.esin.av.tr\/wp-content\/uploads\/2021\/09\/esin-2.jpg\",\"width\":800,\"height\":460,\"caption\":\"Esin Avukatl\u0131k Ortakl\u0131\u011f\u0131\"},\"image\":{\"@id\":\"https:\/\/www.esin.av.tr\/tr\/#\/schema\/logo\/image\/\"}}]}<\/script>\n<!-- \/ Yoast SEO plugin. -->","yoast_head_json":{"title":"Avukat - Esin Avukatl\u0131k Ortakl\u0131\u011f\u0131","description":"Esin Avukatl\u0131k Ortakl\u0131\u011f\u0131 olarak yeni tak\u0131m arkada\u015flar\u0131 ar\u0131yoruz. &nbsp; Avukatl\u0131k Ba\u015fvurusu Ne Ar\u0131yoruz? &lt; Fazla de\u011fil, sadece temel beklentiler &gt;","robots":{"index":"index","follow":"follow","max-snippet":"max-snippet:-1","max-image-preview":"max-image-preview:large","max-video-preview":"max-video-preview:-1"},"canonical":"https:\/\/www.esin.av.tr\/tr\/kariyer\/avukatlar\/","og_locale":"tr_TR","og_type":"article","og_title":"Avukat - Esin Avukatl\u0131k Ortakl\u0131\u011f\u0131","og_description":"Esin Avukatl\u0131k Ortakl\u0131\u011f\u0131 olarak yeni tak\u0131m arkada\u015flar\u0131 ar\u0131yoruz. &nbsp; Avukatl\u0131k Ba\u015fvurusu Ne Ar\u0131yoruz? &lt; Fazla de\u011fil, sadece temel beklentiler &gt;","og_url":"https:\/\/www.esin.av.tr\/tr\/kariyer\/avukatlar\/","og_site_name":"Esin Avukatl\u0131k Ortakl\u0131\u011f\u0131","article_modified_time":"2023-01-23T13:56:54+00:00","twitter_card":"summary_large_image","twitter_misc":{"Est. reading time":"1 minute"},"schema":{"@context":"https:\/\/schema.org","@graph":[{"@type":"WebPage","@id":"https:\/\/www.esin.av.tr\/tr\/kariyer\/avukatlar\/","url":"https:\/\/www.esin.av.tr\/tr\/kariyer\/avukatlar\/","name":"Avukat - Esin Avukatl\u0131k Ortakl\u0131\u011f\u0131","isPartOf":{"@id":"https:\/\/www.esin.av.tr\/tr\/#website"},"datePublished":"2018-10-18T14:45:16+00:00","dateModified":"2023-01-23T13:56:54+00:00","description":"Esin Avukatl\u0131k Ortakl\u0131\u011f\u0131 olarak yeni tak\u0131m arkada\u015flar\u0131 ar\u0131yoruz. &nbsp; Avukatl\u0131k Ba\u015fvurusu Ne Ar\u0131yoruz? &lt; Fazla de\u011fil, sadece temel beklentiler &gt;","breadcrumb":{"@id":"https:\/\/www.esin.av.tr\/tr\/kariyer\/avukatlar\/#breadcrumb"},"inLanguage":"tr","potentialAction":[{"@type":"ReadAction","target":["https:\/\/www.esin.av.tr\/tr\/kariyer\/avukatlar\/"]}]},{"@type":"BreadcrumbList","@id":"https:\/\/www.esin.av.tr\/tr\/kariyer\/avukatlar\/#breadcrumb","itemListElement":[{"@type":"ListItem","position":1,"name":"Home","item":"https:\/\/www.esin.av.tr\/tr\/"},{"@type":"ListItem","position":2,"name":"Kariyer","item":"https:\/\/www.esin.av.tr\/tr\/kariyer\/"},{"@type":"ListItem","position":3,"name":"Avukat"}]},{"@type":"WebSite","@id":"https:\/\/www.esin.av.tr\/tr\/#website","url":"https:\/\/www.esin.av.tr\/tr\/","name":"Esin Avukatl\u0131k Ortakl\u0131\u011f\u0131","description":"","publisher":{"@id":"https:\/\/www.esin.av.tr\/tr\/#organization"},"potentialAction":[{"@type":"SearchAction","target":{"@type":"EntryPoint","urlTemplate":"https:\/\/www.esin.av.tr\/tr\/?s={search_term_string}"},"query-input":{"@type":"PropertyValueSpecification","valueRequired":true,"valueName":"search_term_string"}}],"inLanguage":"tr"},{"@type":"Organization","@id":"https:\/\/www.esin.av.tr\/tr\/#organization","name":"Esin Avukatl\u0131k Ortakl\u0131\u011f\u0131","url":"https:\/\/www.esin.av.tr\/tr\/","logo":{"@type":"ImageObject","inLanguage":"tr","@id":"https:\/\/www.esin.av.tr\/tr\/#\/schema\/logo\/image\/","url":"https:\/\/www.esin.av.tr\/wp-content\/uploads\/2021\/09\/esin-2.jpg","contentUrl":"https:\/\/www.esin.av.tr\/wp-content\/uploads\/2021\/09\/esin-2.jpg","width":800,"height":460,"caption":"Esin Avukatl\u0131k Ortakl\u0131\u011f\u0131"},"image":{"@id":"https:\/\/www.esin.av.tr\/tr\/#\/schema\/logo\/image\/"}}]}},"_links":{"self":[{"href":"https:\/\/www.esin.av.tr\/tr\/wp-json\/wp\/v2\/pages\/10457","targetHints":{"allow":["GET"]}}],"collection":[{"href":"https:\/\/www.esin.av.tr\/tr\/wp-json\/wp\/v2\/pages"}],"about":[{"href":"https:\/\/www.esin.av.tr\/tr\/wp-json\/wp\/v2\/types\/page"}],"author":[{"embeddable":true,"href":"https:\/\/www.esin.av.tr\/tr\/wp-json\/wp\/v2\/users\/1"}],"replies":[{"embeddable":true,"href":"https:\/\/www.esin.av.tr\/tr\/wp-json\/wp\/v2\/comments?post=10457"}],"version-history":[{"count":15,"href":"https:\/\/www.esin.av.tr\/tr\/wp-json\/wp\/v2\/pages\/10457\/revisions"}],"predecessor-version":[{"id":24545,"href":"https:\/\/www.esin.av.tr\/tr\/wp-json\/wp\/v2\/pages\/10457\/revisions\/24545"}],"up":[{"embeddable":true,"href":"https:\/\/www.esin.av.tr\/tr\/wp-json\/wp\/v2\/pages\/4302"}],"wp:attachment":[{"href":"https:\/\/www.esin.av.tr\/tr\/wp-json\/wp\/v2\/media?parent=10457"}],"curies":[{"name":"wp","href":"https:\/\/api.w.org\/{rel}","templated":true}]}}